{"id":117,"date":"2025-08-15T01:25:26","date_gmt":"2025-08-14T23:25:26","guid":{"rendered":"https:\/\/www.argentinacolor.com\/?page_id=117"},"modified":"2025-09-18T17:41:57","modified_gmt":"2025-09-18T15:41:57","slug":"politica","status":"publish","type":"page","link":"https:\/\/www.argentinacolor.com\/?page_id=117","title":{"rendered":"Pol\u00edtica de calidad"},"content":{"rendered":"\n<div class=\"wp-block-media-text is-stacked-on-mobile\" style=\"padding-top:var(--wp--preset--spacing--small);padding-right:0;grid-template-columns:23% auto\"><figure class=\"wp-block-media-text__media\"><img loading=\"lazy\" decoding=\"async\" width=\"472\" height=\"564\" src=\"https:\/\/www.argentinacolor.com\/wp-content\/uploads\/2025\/09\/maqueta-argentina-coor-corpo-rev00-32.jpg\" alt=\"\" class=\"wp-image-348 size-full\" srcset=\"https:\/\/www.argentinacolor.com\/wp-content\/uploads\/2025\/09\/maqueta-argentina-coor-corpo-rev00-32.jpg 472w, https:\/\/www.argentinacolor.com\/wp-content\/uploads\/2025\/09\/maqueta-argentina-coor-corpo-rev00-32-251x300.jpg 251w\" sizes=\"auto, (max-width: 472px) 100vw, 472px\" \/><\/figure><div class=\"wp-block-media-text__content\">\n<h3 class=\"wp-block-heading has-xxx-large-font-size\"><strong>Pol\u00edtica de calidad<\/strong><\/h3>\n\n\n\n<figure class=\"wp-block-image size-full is-resized\"><img loading=\"lazy\" decoding=\"async\" width=\"535\" height=\"27\" src=\"https:\/\/www.argentinacolor.com\/wp-content\/uploads\/2025\/08\/1sssRecurso-3ldpi-1.png\" alt=\"\" class=\"wp-image-171\" style=\"width:447px;height:auto\" srcset=\"https:\/\/www.argentinacolor.com\/wp-content\/uploads\/2025\/08\/1sssRecurso-3ldpi-1.png 535w, https:\/\/www.argentinacolor.com\/wp-content\/uploads\/2025\/08\/1sssRecurso-3ldpi-1-300x15.png 300w\" sizes=\"auto, (max-width: 535px) 100vw, 535px\" \/><\/figure>\n\n\n\n<p><em>Una empresa comprometida con brindar soluciones tecnol\u00f3gicas innovadoras y productos de alta calidad<\/em><br><\/p>\n\n\n\n<p><strong>Nuestra Pol\u00edtica de Calidad<\/strong><br>La Direcci\u00f3n de Arg Color S.R.L. ha decidido implementar en la empresa un Sistema de Gesti\u00f3n de la Calidad basado en la norma ISO 9001 y se compromete a cumplir con todos los requisitos aplicables con el fin de conseguir la mejora continua y aumentar la satisfacci\u00f3n de los clientes.<\/p>\n\n\n\n<div class=\"wp-block-group has-global-padding is-layout-constrained wp-block-group-is-layout-constrained\" style=\"border-bottom-style:none;border-bottom-width:0px;min-height:1px;padding-bottom:0\"><\/div>\n\n\n\n<figure class=\"wp-block-image size-full\" style=\"margin-top:0\"><img loading=\"lazy\" decoding=\"async\" width=\"300\" height=\"117\" src=\"https:\/\/www.argentinacolor.com\/wp-content\/uploads\/2025\/08\/BVCER_withoutQR-ISO-9001-BW-300-2.png\" alt=\"\" class=\"wp-image-83\"\/><\/figure>\n\n\n\n<p><strong>Alcance de la certificaci\u00f3n<\/strong><br>Comercializaci\u00f3n de dispositivos electr\u00f3nicos que procesan, almacenan y transmiten informaci\u00f3n (hardware), incluyendo la gesti\u00f3n de la distribuci\u00f3n de insumos de impresi\u00f3n, equipos inform\u00e1ticos y perif\u00e9ricos, as\u00ed como la prestaci\u00f3n de servicios de postventa relacionados con la gesti\u00f3n de garant\u00edas.<br><\/p>\n\n\n\n<div class=\"wp-block-group has-outline-background-color has-background has-global-padding is-layout-constrained wp-container-core-group-is-layout-f644ba85 wp-block-group-is-layout-constrained\" style=\"border-style:none;border-width:0px;border-radius:22px;margin-top:var(--wp--preset--spacing--medium);margin-bottom:var(--wp--preset--spacing--medium);padding-top:var(--wp--preset--spacing--x-small);padding-right:var(--wp--preset--spacing--x-small);padding-bottom:var(--wp--preset--spacing--x-small);padding-left:var(--wp--preset--spacing--x-small)\">\n<figure class=\"wp-block-image size-full is-resized\" style=\"margin-top:var(--wp--preset--spacing--x-small)\"><img loading=\"lazy\" decoding=\"async\" width=\"104\" height=\"79\" src=\"https:\/\/www.argentinacolor.com\/wp-content\/uploads\/2025\/08\/1sssRecurso-53ldpi.png\" alt=\"\" class=\"wp-image-317\" style=\"width:58px;height:auto\"\/><\/figure>\n\n\n\n<p><strong>Nos comprometemos a:<\/strong><\/p>\n\n\n\n<ul class=\"wp-block-list\">\n<li>Innovar y mejorar continuamente<\/li>\n\n\n\n<li>Cumplir con los Requisitos Aplicables<\/li>\n\n\n\n<li>Estar atentos a las necesidades de los Clientes<\/li>\n\n\n\n<li>Desarrollar el Capital Humano<\/li>\n\n\n\n<li>Llevar una Gesti\u00f3n Sostenible y Rentable<\/li>\n<\/ul>\n<\/div>\n\n\n\n<div class=\"wp-block-columns is-layout-flex wp-container-core-columns-is-layout-28f84493 wp-block-columns-is-layout-flex\">\n<div class=\"wp-block-column has-cyan-bluish-gray-background-color has-background is-layout-flow wp-block-column-is-layout-flow\" style=\"border-radius:22px;padding-top:0;padding-right:var(--wp--preset--spacing--small);padding-bottom:var(--wp--preset--spacing--small);padding-left:var(--wp--preset--spacing--small);flex-basis:100%\">\n<figure class=\"wp-block-image size-full is-resized\" style=\"margin-top:var(--wp--preset--spacing--small)\"><img loading=\"lazy\" decoding=\"async\" width=\"103\" height=\"104\" src=\"https:\/\/www.argentinacolor.com\/wp-content\/uploads\/2025\/08\/1sssRecurso-52ldpi-1.png\" alt=\"\" class=\"wp-image-314\" style=\"width:51px;height:auto\"\/><\/figure>\n\n\n\n<p><strong>Nuestra Misi\u00f3n<\/strong><br>Ser el proveedor l\u00edder en soluciones tecnol\u00f3gicas y servicios relacionados con la impresi\u00f3n y comercializaci\u00f3n de hardware y software, enfoc\u00e1ndonos en satisfacer lasnecesidades corporativas de nuestros clientes, garantizando calidad, innovaci\u00f3n y servicio personalizado.<br><\/p>\n<\/div>\n<\/div>\n\n\n\n<div class=\"wp-block-columns is-layout-flex wp-container-core-columns-is-layout-28f84493 wp-block-columns-is-layout-flex\">\n<div class=\"wp-block-column has-light-background-color has-background is-layout-flow wp-block-column-is-layout-flow\" style=\"border-radius:22px;padding-top:0;padding-right:var(--wp--preset--spacing--small);padding-bottom:var(--wp--preset--spacing--small);padding-left:var(--wp--preset--spacing--small);flex-basis:100%\">\n<figure class=\"wp-block-image size-full is-resized\" style=\"margin-top:var(--wp--preset--spacing--small)\"><img loading=\"lazy\" decoding=\"async\" width=\"107\" height=\"63\" src=\"https:\/\/www.argentinacolor.com\/wp-content\/uploads\/2025\/08\/1sssRecurso-51ldpi.png\" alt=\"\" class=\"wp-image-315\" style=\"width:51px;height:auto\"\/><\/figure>\n\n\n\n<p><strong>Nuestra Visi\u00f3n<\/strong><br>Consolidarnos como una empresa de referencia en el sector, ofreciendo productos y servicios que optimicen los procesos de impresi\u00f3n y tecnolog\u00eda en las empresas, promoviendo la mejora continua de nuestros sistemas y la satisfacci\u00f3n de nuestros clientes.<br><\/p>\n<\/div>\n<\/div>\n<\/div><\/div>\n","protected":false},"excerpt":{"rendered":"","protected":false},"author":1,"featured_media":0,"parent":0,"menu_order":0,"comment_status":"closed","ping_status":"closed","template":"","meta":{"_joinchat":[],"footnotes":""},"class_list":["post-117","page","type-page","status-publish","hentry"],"_links":{"self":[{"href":"https:\/\/www.argentinacolor.com\/index.php?rest_route=\/wp\/v2\/pages\/117","targetHints":{"allow":["GET"]}}],"collection":[{"href":"https:\/\/www.argentinacolor.com\/index.php?rest_route=\/wp\/v2\/pages"}],"about":[{"href":"https:\/\/www.argentinacolor.com\/index.php?rest_route=\/wp\/v2\/types\/page"}],"author":[{"embeddable":true,"href":"https:\/\/www.argentinacolor.com\/index.php?rest_route=\/wp\/v2\/users\/1"}],"replies":[{"embeddable":true,"href":"https:\/\/www.argentinacolor.com\/index.php?rest_route=%2Fwp%2Fv2%2Fcomments&post=117"}],"version-history":[{"count":28,"href":"https:\/\/www.argentinacolor.com\/index.php?rest_route=\/wp\/v2\/pages\/117\/revisions"}],"predecessor-version":[{"id":495,"href":"https:\/\/www.argentinacolor.com\/index.php?rest_route=\/wp\/v2\/pages\/117\/revisions\/495"}],"wp:attachment":[{"href":"https:\/\/www.argentinacolor.com\/index.php?rest_route=%2Fwp%2Fv2%2Fmedia&parent=117"}],"curies":[{"name":"wp","href":"https:\/\/api.w.org\/{rel}","templated":true}]}}